
{"id":9673,"date":"2024-01-30T23:04:22","date_gmt":"2024-01-30T23:04:22","guid":{"rendered":"https:\/\/daniel-rodriguez.website\/?page_id=9673"},"modified":"2024-01-31T02:03:43","modified_gmt":"2024-01-31T02:03:43","slug":"mi-curriculum-en-pdf","status":"publish","type":"page","link":"https:\/\/daniel-rodriguez.website\/en\/my-resume-in-pdf\/","title":{"rendered":"Mi Curriculum en PDF"},"content":{"rendered":"<div data-elementor-type=\"wp-page\" data-elementor-id=\"9673\" class=\"elementor elementor-9673\" data-elementor-post-type=\"page\">\n\t\t\t\t\t\t\t<div class=\"elementor-element elementor-element-53feddf e-flex e-con-boxed e-con e-parent\" data-id=\"53feddf\" data-element_type=\"container\" data-settings=\"{&quot;content_width&quot;:&quot;boxed&quot;}\" data-core-v316-plus=\"true\">\n\t\t\t\t\t<div class=\"e-con-inner\">\n\t\t\t\t\t<\/div>\n\t\t\t\t<\/div>\n\t\t<div class=\"elementor-element elementor-element-db31470 e-flex e-con-boxed e-con e-parent\" data-id=\"db31470\" data-element_type=\"container\" data-settings=\"{&quot;content_width&quot;:&quot;boxed&quot;}\" data-core-v316-plus=\"true\">\n\t\t\t\t\t<div class=\"e-con-inner\">\n\t\t\t\t<div class=\"elementor-element elementor-element-b0ec861 elementor-widget elementor-widget-shortcode\" data-id=\"b0ec861\" data-element_type=\"widget\" data-widget_type=\"shortcode.default\">\n\t\t\t\t<div class=\"elementor-widget-container\">\n\t\t\t\t\t<div class=\"elementor-shortcode\"><div id=\"wppdfemb-frame-container-3\"><iframe id=\"wppdf-emb-iframe-3\" scrolling=\"no\" data-pdf-index=\"3\" class=\"pdfembed-iframe nonfullscreen\" style=\"border: none; width:100%; max-width: 100%; min-height: 1000px;\" src=\"https:\/\/daniel-rodriguez.website\/en?url=https%3A%2F%2Fdaniel-rodriguez.website%2Fwp-content%2Fuploads%2F2024%2F01%2FResume-Oscar-Daniel-Rodriguez-Jimenez-UX-UI-Designer.pdf&pdfID=3&index=3\" ><\/iframe><\/div><\/div>\n\t\t\t\t<\/div>\n\t\t\t\t<\/div>\n\t\t\t\t\t<\/div>\n\t\t\t\t<\/div>\n\t\t\t\t\t\t\t<\/div>","protected":false},"excerpt":{"rendered":"","protected":false},"author":1,"featured_media":7071,"parent":0,"menu_order":0,"comment_status":"closed","ping_status":"closed","template":"","meta":{"footnotes":""},"categories":[1],"tags":[],"yoast_head":"<!-- This site is optimized with the Yoast SEO plugin v21.2 - https:\/\/yoast.com\/wordpress\/plugins\/seo\/ -->\n<title>Descarga mi CV para obtener m\u00e1s informaci\u00f3n sobre m\u00ed.<\/title>\n<meta name=\"description\" content=\"No dudes en ponerte en contacto conmigo para conversar, idear o resolver cualquier duda. \u00a1Hablemos y colaboremos juntos!\" \/>\n<meta name=\"robots\" content=\"noindex, follow\" \/>\n<meta property=\"og:locale\" content=\"en_US\" \/>\n<meta property=\"og:type\" content=\"article\" \/>\n<meta property=\"og:title\" content=\"Descarga mi CV para obtener m\u00e1s informaci\u00f3n sobre m\u00ed.\" \/>\n<meta property=\"og:description\" content=\"No dudes en ponerte en contacto conmigo para conversar, idear o resolver cualquier duda. \u00a1Hablemos y colaboremos juntos!\" \/>\n<meta property=\"og:url\" content=\"https:\/\/daniel-rodriguez.website\/en\/mi-curriculum-en-pdf\/\" \/>\n<meta property=\"og:site_name\" content=\"Oscar Daniel Rodr\u00edguez Jim\u00e9nez\" \/>\n<meta property=\"article:modified_time\" content=\"2024-01-31T02:03:43+00:00\" \/>\n<meta property=\"og:image\" content=\"https:\/\/daniel-rodriguez.website\/wp-content\/uploads\/2023\/10\/featured-image-contactame-oscar-daniel-rodriguez-jimenez.webp\" \/>\n\t<meta property=\"og:image:width\" content=\"300\" \/>\n\t<meta property=\"og:image:height\" content=\"300\" \/>\n\t<meta property=\"og:image:type\" content=\"image\/webp\" \/>\n<meta name=\"twitter:card\" content=\"summary_large_image\" \/>\n<script type=\"application\/ld+json\" class=\"yoast-schema-graph\">{\"@context\":\"https:\/\/schema.org\",\"@graph\":[{\"@type\":\"WebPage\",\"@id\":\"https:\/\/daniel-rodriguez.website\/mi-curriculum-en-pdf\/\",\"url\":\"https:\/\/daniel-rodriguez.website\/mi-curriculum-en-pdf\/\",\"name\":\"Descarga mi CV para obtener m\u00e1s informaci\u00f3n sobre m\u00ed.\",\"isPartOf\":{\"@id\":\"https:\/\/daniel-rodriguez.website\/#website\"},\"datePublished\":\"2024-01-30T23:04:22+00:00\",\"dateModified\":\"2024-01-31T02:03:43+00:00\",\"description\":\"No dudes en ponerte en contacto conmigo para conversar, idear o resolver cualquier duda. \u00a1Hablemos y colaboremos juntos!\",\"breadcrumb\":{\"@id\":\"https:\/\/daniel-rodriguez.website\/mi-curriculum-en-pdf\/#breadcrumb\"},\"inLanguage\":\"en-US\",\"potentialAction\":[{\"@type\":\"ReadAction\",\"target\":[\"https:\/\/daniel-rodriguez.website\/mi-curriculum-en-pdf\/\"]}]},{\"@type\":\"BreadcrumbList\",\"@id\":\"https:\/\/daniel-rodriguez.website\/mi-curriculum-en-pdf\/#breadcrumb\",\"itemListElement\":[{\"@type\":\"ListItem\",\"position\":1,\"name\":\"Home\",\"item\":\"https:\/\/daniel-rodriguez.website\/\"},{\"@type\":\"ListItem\",\"position\":2,\"name\":\"Mi Curriculum en PDF\"}]},{\"@type\":\"WebSite\",\"@id\":\"https:\/\/daniel-rodriguez.website\/#website\",\"url\":\"https:\/\/daniel-rodriguez.website\/\",\"name\":\"Oscar Daniel Rodr\u00edguez Jim\u00e9nez\",\"description\":\"\",\"potentialAction\":[{\"@type\":\"SearchAction\",\"target\":{\"@type\":\"EntryPoint\",\"urlTemplate\":\"https:\/\/daniel-rodriguez.website\/?s={search_term_string}\"},\"query-input\":\"required name=search_term_string\"}],\"inLanguage\":\"en-US\"}]}<\/script>\n<!-- \/ Yoast SEO plugin. -->","yoast_head_json":{"title":"Descarga mi CV para obtener m\u00e1s informaci\u00f3n sobre m\u00ed.","description":"No dudes en ponerte en contacto conmigo para conversar, idear o resolver cualquier duda. \u00a1Hablemos y colaboremos juntos!","robots":{"index":"noindex","follow":"follow"},"og_locale":"en_US","og_type":"article","og_title":"Descarga mi CV para obtener m\u00e1s informaci\u00f3n sobre m\u00ed.","og_description":"No dudes en ponerte en contacto conmigo para conversar, idear o resolver cualquier duda. \u00a1Hablemos y colaboremos juntos!","og_url":"https:\/\/daniel-rodriguez.website\/en\/mi-curriculum-en-pdf\/","og_site_name":"Oscar Daniel Rodr\u00edguez Jim\u00e9nez","article_modified_time":"2024-01-31T02:03:43+00:00","og_image":[{"width":300,"height":300,"url":"https:\/\/daniel-rodriguez.website\/wp-content\/uploads\/2023\/10\/featured-image-contactame-oscar-daniel-rodriguez-jimenez.webp","type":"image\/webp"}],"twitter_card":"summary_large_image","schema":{"@context":"https:\/\/schema.org","@graph":[{"@type":"WebPage","@id":"https:\/\/daniel-rodriguez.website\/mi-curriculum-en-pdf\/","url":"https:\/\/daniel-rodriguez.website\/mi-curriculum-en-pdf\/","name":"Descarga mi CV para obtener m\u00e1s informaci\u00f3n sobre m\u00ed.","isPartOf":{"@id":"https:\/\/daniel-rodriguez.website\/#website"},"datePublished":"2024-01-30T23:04:22+00:00","dateModified":"2024-01-31T02:03:43+00:00","description":"No dudes en ponerte en contacto conmigo para conversar, idear o resolver cualquier duda. \u00a1Hablemos y colaboremos juntos!","breadcrumb":{"@id":"https:\/\/daniel-rodriguez.website\/mi-curriculum-en-pdf\/#breadcrumb"},"inLanguage":"en-US","potentialAction":[{"@type":"ReadAction","target":["https:\/\/daniel-rodriguez.website\/mi-curriculum-en-pdf\/"]}]},{"@type":"BreadcrumbList","@id":"https:\/\/daniel-rodriguez.website\/mi-curriculum-en-pdf\/#breadcrumb","itemListElement":[{"@type":"ListItem","position":1,"name":"Home","item":"https:\/\/daniel-rodriguez.website\/"},{"@type":"ListItem","position":2,"name":"Mi Curriculum en PDF"}]},{"@type":"WebSite","@id":"https:\/\/daniel-rodriguez.website\/#website","url":"https:\/\/daniel-rodriguez.website\/","name":"Oscar Daniel Rodr\u00edguez Jim\u00e9nez","description":"","potentialAction":[{"@type":"SearchAction","target":{"@type":"EntryPoint","urlTemplate":"https:\/\/daniel-rodriguez.website\/?s={search_term_string}"},"query-input":"required name=search_term_string"}],"inLanguage":"en-US"}]}},"_links":{"self":[{"href":"https:\/\/daniel-rodriguez.website\/en\/wp-json\/wp\/v2\/pages\/9673"}],"collection":[{"href":"https:\/\/daniel-rodriguez.website\/en\/wp-json\/wp\/v2\/pages"}],"about":[{"href":"https:\/\/daniel-rodriguez.website\/en\/wp-json\/wp\/v2\/types\/page"}],"author":[{"embeddable":true,"href":"https:\/\/daniel-rodriguez.website\/en\/wp-json\/wp\/v2\/users\/1"}],"replies":[{"embeddable":true,"href":"https:\/\/daniel-rodriguez.website\/en\/wp-json\/wp\/v2\/comments?post=9673"}],"version-history":[{"count":16,"href":"https:\/\/daniel-rodriguez.website\/en\/wp-json\/wp\/v2\/pages\/9673\/revisions"}],"predecessor-version":[{"id":9700,"href":"https:\/\/daniel-rodriguez.website\/en\/wp-json\/wp\/v2\/pages\/9673\/revisions\/9700"}],"wp:featuredmedia":[{"embeddable":true,"href":"https:\/\/daniel-rodriguez.website\/en\/wp-json\/wp\/v2\/media\/7071"}],"wp:attachment":[{"href":"https:\/\/daniel-rodriguez.website\/en\/wp-json\/wp\/v2\/media?parent=9673"}],"wp:term":[{"taxonomy":"category","embeddable":true,"href":"https:\/\/daniel-rodriguez.website\/en\/wp-json\/wp\/v2\/categories?post=9673"},{"taxonomy":"post_tag","embeddable":true,"href":"https:\/\/daniel-rodriguez.website\/en\/wp-json\/wp\/v2\/tags?post=9673"}],"curies":[{"name":"wp","href":"https:\/\/api.w.org\/{rel}","templated":true}]}}