
{"id":9640,"date":"2024-01-29T21:54:29","date_gmt":"2024-01-29T21:54:29","guid":{"rendered":"https:\/\/daniel-rodriguez.website\/?page_id=9640"},"modified":"2024-01-29T22:08:36","modified_gmt":"2024-01-29T22:08:36","slug":"descarga-cv","status":"publish","type":"page","link":"https:\/\/daniel-rodriguez.website\/en\/download-resume\/","title":{"rendered":"Descarga CV"},"content":{"rendered":"","protected":false},"excerpt":{"rendered":"","protected":false},"author":1,"featured_media":7071,"parent":0,"menu_order":0,"comment_status":"closed","ping_status":"closed","template":"","meta":{"footnotes":""},"categories":[1],"tags":[],"yoast_head":"<!-- This site is optimized with the Yoast SEO plugin v21.2 - https:\/\/yoast.com\/wordpress\/plugins\/seo\/ -->\n<title>Descarga mi CV para obtener m\u00e1s informaci\u00f3n sobre m\u00ed.<\/title>\n<meta name=\"description\" content=\"No dudes en ponerte en contacto conmigo para conversar, idear o resolver cualquier duda. \u00a1Hablemos y colaboremos juntos!\" \/>\n<meta name=\"robots\" content=\"index, follow, max-snippet:-1, max-image-preview:large, max-video-preview:-1\" \/>\n<link rel=\"canonical\" href=\"https:\/\/daniel-rodriguez.website\/en\/descarga-cv\/\" \/>\n<meta property=\"og:locale\" content=\"en_US\" \/>\n<meta property=\"og:type\" content=\"article\" \/>\n<meta property=\"og:title\" content=\"Descarga mi CV para obtener m\u00e1s informaci\u00f3n sobre m\u00ed.\" \/>\n<meta property=\"og:description\" content=\"No dudes en ponerte en contacto conmigo para conversar, idear o resolver cualquier duda. \u00a1Hablemos y colaboremos juntos!\" \/>\n<meta property=\"og:url\" content=\"https:\/\/daniel-rodriguez.website\/en\/descarga-cv\/\" \/>\n<meta property=\"og:site_name\" content=\"Oscar Daniel Rodr\u00edguez Jim\u00e9nez\" \/>\n<meta property=\"article:modified_time\" content=\"2024-01-29T22:08:36+00:00\" \/>\n<meta property=\"og:image\" content=\"https:\/\/daniel-rodriguez.website\/wp-content\/uploads\/2023\/10\/featured-image-contactame-oscar-daniel-rodriguez-jimenez.webp\" \/>\n\t<meta property=\"og:image:width\" content=\"300\" \/>\n\t<meta property=\"og:image:height\" content=\"300\" \/>\n\t<meta property=\"og:image:type\" content=\"image\/webp\" \/>\n<meta name=\"twitter:card\" content=\"summary_large_image\" \/>\n<script type=\"application\/ld+json\" class=\"yoast-schema-graph\">{\"@context\":\"https:\/\/schema.org\",\"@graph\":[{\"@type\":\"WebPage\",\"@id\":\"https:\/\/daniel-rodriguez.website\/descarga-cv\/\",\"url\":\"https:\/\/daniel-rodriguez.website\/descarga-cv\/\",\"name\":\"Descarga mi CV para obtener m\u00e1s informaci\u00f3n sobre m\u00ed.\",\"isPartOf\":{\"@id\":\"https:\/\/daniel-rodriguez.website\/#website\"},\"datePublished\":\"2024-01-29T21:54:29+00:00\",\"dateModified\":\"2024-01-29T22:08:36+00:00\",\"description\":\"No dudes en ponerte en contacto conmigo para conversar, idear o resolver cualquier duda. \u00a1Hablemos y colaboremos juntos!\",\"breadcrumb\":{\"@id\":\"https:\/\/daniel-rodriguez.website\/descarga-cv\/#breadcrumb\"},\"inLanguage\":\"en-US\",\"potentialAction\":[{\"@type\":\"ReadAction\",\"target\":[\"https:\/\/daniel-rodriguez.website\/descarga-cv\/\"]}]},{\"@type\":\"BreadcrumbList\",\"@id\":\"https:\/\/daniel-rodriguez.website\/descarga-cv\/#breadcrumb\",\"itemListElement\":[{\"@type\":\"ListItem\",\"position\":1,\"name\":\"Home\",\"item\":\"https:\/\/daniel-rodriguez.website\/\"},{\"@type\":\"ListItem\",\"position\":2,\"name\":\"Descarga CV\"}]},{\"@type\":\"WebSite\",\"@id\":\"https:\/\/daniel-rodriguez.website\/#website\",\"url\":\"https:\/\/daniel-rodriguez.website\/\",\"name\":\"Oscar Daniel Rodr\u00edguez Jim\u00e9nez\",\"description\":\"\",\"potentialAction\":[{\"@type\":\"SearchAction\",\"target\":{\"@type\":\"EntryPoint\",\"urlTemplate\":\"https:\/\/daniel-rodriguez.website\/?s={search_term_string}\"},\"query-input\":\"required name=search_term_string\"}],\"inLanguage\":\"en-US\"}]}<\/script>\n<!-- \/ Yoast SEO plugin. -->","yoast_head_json":{"title":"Descarga mi CV para obtener m\u00e1s informaci\u00f3n sobre m\u00ed.","description":"No dudes en ponerte en contacto conmigo para conversar, idear o resolver cualquier duda. \u00a1Hablemos y colaboremos juntos!","robots":{"index":"index","follow":"follow","max-snippet":"max-snippet:-1","max-image-preview":"max-image-preview:large","max-video-preview":"max-video-preview:-1"},"canonical":"https:\/\/daniel-rodriguez.website\/en\/descarga-cv\/","og_locale":"en_US","og_type":"article","og_title":"Descarga mi CV para obtener m\u00e1s informaci\u00f3n sobre m\u00ed.","og_description":"No dudes en ponerte en contacto conmigo para conversar, idear o resolver cualquier duda. \u00a1Hablemos y colaboremos juntos!","og_url":"https:\/\/daniel-rodriguez.website\/en\/descarga-cv\/","og_site_name":"Oscar Daniel Rodr\u00edguez Jim\u00e9nez","article_modified_time":"2024-01-29T22:08:36+00:00","og_image":[{"width":300,"height":300,"url":"https:\/\/daniel-rodriguez.website\/wp-content\/uploads\/2023\/10\/featured-image-contactame-oscar-daniel-rodriguez-jimenez.webp","type":"image\/webp"}],"twitter_card":"summary_large_image","schema":{"@context":"https:\/\/schema.org","@graph":[{"@type":"WebPage","@id":"https:\/\/daniel-rodriguez.website\/descarga-cv\/","url":"https:\/\/daniel-rodriguez.website\/descarga-cv\/","name":"Descarga mi CV para obtener m\u00e1s informaci\u00f3n sobre m\u00ed.","isPartOf":{"@id":"https:\/\/daniel-rodriguez.website\/#website"},"datePublished":"2024-01-29T21:54:29+00:00","dateModified":"2024-01-29T22:08:36+00:00","description":"No dudes en ponerte en contacto conmigo para conversar, idear o resolver cualquier duda. \u00a1Hablemos y colaboremos juntos!","breadcrumb":{"@id":"https:\/\/daniel-rodriguez.website\/descarga-cv\/#breadcrumb"},"inLanguage":"en-US","potentialAction":[{"@type":"ReadAction","target":["https:\/\/daniel-rodriguez.website\/descarga-cv\/"]}]},{"@type":"BreadcrumbList","@id":"https:\/\/daniel-rodriguez.website\/descarga-cv\/#breadcrumb","itemListElement":[{"@type":"ListItem","position":1,"name":"Home","item":"https:\/\/daniel-rodriguez.website\/"},{"@type":"ListItem","position":2,"name":"Descarga CV"}]},{"@type":"WebSite","@id":"https:\/\/daniel-rodriguez.website\/#website","url":"https:\/\/daniel-rodriguez.website\/","name":"Oscar Daniel Rodr\u00edguez Jim\u00e9nez","description":"","potentialAction":[{"@type":"SearchAction","target":{"@type":"EntryPoint","urlTemplate":"https:\/\/daniel-rodriguez.website\/?s={search_term_string}"},"query-input":"required name=search_term_string"}],"inLanguage":"en-US"}]}},"_links":{"self":[{"href":"https:\/\/daniel-rodriguez.website\/en\/wp-json\/wp\/v2\/pages\/9640"}],"collection":[{"href":"https:\/\/daniel-rodriguez.website\/en\/wp-json\/wp\/v2\/pages"}],"about":[{"href":"https:\/\/daniel-rodriguez.website\/en\/wp-json\/wp\/v2\/types\/page"}],"author":[{"embeddable":true,"href":"https:\/\/daniel-rodriguez.website\/en\/wp-json\/wp\/v2\/users\/1"}],"replies":[{"embeddable":true,"href":"https:\/\/daniel-rodriguez.website\/en\/wp-json\/wp\/v2\/comments?post=9640"}],"version-history":[{"count":10,"href":"https:\/\/daniel-rodriguez.website\/en\/wp-json\/wp\/v2\/pages\/9640\/revisions"}],"predecessor-version":[{"id":9654,"href":"https:\/\/daniel-rodriguez.website\/en\/wp-json\/wp\/v2\/pages\/9640\/revisions\/9654"}],"wp:featuredmedia":[{"embeddable":true,"href":"https:\/\/daniel-rodriguez.website\/en\/wp-json\/wp\/v2\/media\/7071"}],"wp:attachment":[{"href":"https:\/\/daniel-rodriguez.website\/en\/wp-json\/wp\/v2\/media?parent=9640"}],"wp:term":[{"taxonomy":"category","embeddable":true,"href":"https:\/\/daniel-rodriguez.website\/en\/wp-json\/wp\/v2\/categories?post=9640"},{"taxonomy":"post_tag","embeddable":true,"href":"https:\/\/daniel-rodriguez.website\/en\/wp-json\/wp\/v2\/tags?post=9640"}],"curies":[{"name":"wp","href":"https:\/\/api.w.org\/{rel}","templated":true}]}}