
{"id":3410,"date":"2023-09-29T06:17:48","date_gmt":"2023-09-29T06:17:48","guid":{"rendered":"https:\/\/daniel-rodriguez.website\/?page_id=3410"},"modified":"2024-01-26T20:41:41","modified_gmt":"2024-01-26T20:41:41","slug":"blog","status":"publish","type":"page","link":"https:\/\/daniel-rodriguez.website\/en\/blog\/","title":{"rendered":"Blog"},"content":{"rendered":"<div data-elementor-type=\"wp-page\" data-elementor-id=\"3410\" class=\"elementor elementor-3410\" data-elementor-post-type=\"page\">\n\t\t\t\t\t\t\t<div class=\"elementor-element elementor-element-3f342e9 e-flex e-con-boxed e-con e-parent\" data-id=\"3f342e9\" data-element_type=\"container\" data-settings=\"{&quot;content_width&quot;:&quot;boxed&quot;}\" data-core-v316-plus=\"true\">\n\t\t\t\t\t<div class=\"e-con-inner\">\n\t\t<div class=\"elementor-element elementor-element-458409f e-con-full e-flex e-con e-child\" data-id=\"458409f\" data-element_type=\"container\" data-settings=\"{&quot;content_width&quot;:&quot;full&quot;}\">\n\t\t<div class=\"elementor-element elementor-element-4ee72fc e-con-full e-flex e-con e-child\" data-id=\"4ee72fc\" data-element_type=\"container\" data-settings=\"{&quot;content_width&quot;:&quot;full&quot;}\">\n\t\t\t\t<div class=\"elementor-element elementor-element-4d58a48 elementor-widget elementor-widget-heading\" data-id=\"4d58a48\" data-element_type=\"widget\" data-widget_type=\"heading.default\">\n\t\t\t\t<div class=\"elementor-widget-container\">\n\t\t\t<style>\/*! elementor - v3.16.0 - 12-09-2023 *\/\n.elementor-heading-title{padding:0;margin:0;line-height:1}.elementor-widget-heading .elementor-heading-title[class*=elementor-size-]>a{color:inherit;font-size:inherit;line-height:inherit}.elementor-widget-heading .elementor-heading-title.elementor-size-small{font-size:15px}.elementor-widget-heading .elementor-heading-title.elementor-size-medium{font-size:19px}.elementor-widget-heading .elementor-heading-title.elementor-size-large{font-size:29px}.elementor-widget-heading .elementor-heading-title.elementor-size-xl{font-size:39px}.elementor-widget-heading .elementor-heading-title.elementor-size-xxl{font-size:59px}<\/style><h2 class=\"elementor-heading-title elementor-size-default\">Welcome to the heart of inspiration! <\/h2>\t\t<\/div>\n\t\t\t\t<\/div>\n\t\t\t\t<div class=\"elementor-element elementor-element-4f574c9 elementor-widget__width-initial elementor-widget elementor-widget-text-editor\" data-id=\"4f574c9\" data-element_type=\"widget\" data-widget_type=\"text-editor.default\">\n\t\t\t\t<div class=\"elementor-widget-container\">\n\t\t\t<style>\/*! elementor - v3.16.0 - 12-09-2023 *\/\n.elementor-widget-text-editor.elementor-drop-cap-view-stacked .elementor-drop-cap{background-color:#69727d;color:#fff}.elementor-widget-text-editor.elementor-drop-cap-view-framed .elementor-drop-cap{color:#69727d;border:3px solid;background-color:transparent}.elementor-widget-text-editor:not(.elementor-drop-cap-view-default) .elementor-drop-cap{margin-top:8px}.elementor-widget-text-editor:not(.elementor-drop-cap-view-default) .elementor-drop-cap-letter{width:1em;height:1em}.elementor-widget-text-editor .elementor-drop-cap{float:left;text-align:center;line-height:1;font-size:50px}.elementor-widget-text-editor .elementor-drop-cap-letter{display:inline-block}<\/style>\t\t\t\t<p>Discover innovative ideas, expert advice and exciting news in all my fields.<\/p>\t\t\t\t\t\t<\/div>\n\t\t\t\t<\/div>\n\t\t\t\t<\/div>\n\t\t<div class=\"elementor-element elementor-element-fbfc01f e-con-full e-flex e-con e-child\" data-id=\"fbfc01f\" data-element_type=\"container\" data-settings=\"{&quot;content_width&quot;:&quot;full&quot;}\">\n\t\t\t\t<div class=\"elementor-element elementor-element-7253798 elementor-widget elementor-widget-button\" data-id=\"7253798\" data-element_type=\"widget\" data-widget_type=\"button.default\">\n\t\t\t\t<div class=\"elementor-widget-container\">\n\t\t\t\t\t<div class=\"elementor-button-wrapper\">\n\t\t\t<a class=\"elementor-button elementor-button-link elementor-size-sm\" href=\"https:\/\/daniel-rodriguez.website\/en\/servicios\/\">\n\t\t\t\t\t\t<span class=\"elementor-button-content-wrapper\">\n\t\t\t\t\t\t<span class=\"elementor-button-text\">My Services<\/span>\n\t\t<\/span>\n\t\t\t\t\t<\/a>\n\t\t<\/div>\n\t\t\t\t<\/div>\n\t\t\t\t<\/div>\n\t\t\t\t<\/div>\n\t\t\t\t<\/div>\n\t\t<div class=\"elementor-element elementor-element-5193603 e-flex e-con-boxed e-con e-child\" data-id=\"5193603\" data-element_type=\"container\" data-settings=\"{&quot;content_width&quot;:&quot;boxed&quot;}\">\n\t\t\t\t\t<div class=\"e-con-inner\">\n\t\t\t\t<div class=\"elementor-element elementor-element-31e0741 elementor-grid-3 elementor-grid-tablet-2 elementor-grid-mobile-1 elementor-posts--thumbnail-top elementor-posts--show-avatar elementor-posts__hover-gradient elementor-widget elementor-widget-posts\" data-id=\"31e0741\" data-element_type=\"widget\" data-settings=\"{&quot;pagination_type&quot;:&quot;numbers&quot;,&quot;cards_columns&quot;:&quot;3&quot;,&quot;cards_columns_tablet&quot;:&quot;2&quot;,&quot;cards_columns_mobile&quot;:&quot;1&quot;,&quot;cards_row_gap&quot;:{&quot;unit&quot;:&quot;px&quot;,&quot;size&quot;:35,&quot;sizes&quot;:[]},&quot;cards_row_gap_tablet&quot;:{&quot;unit&quot;:&quot;px&quot;,&quot;size&quot;:&quot;&quot;,&quot;sizes&quot;:[]},&quot;cards_row_gap_mobile&quot;:{&quot;unit&quot;:&quot;px&quot;,&quot;size&quot;:&quot;&quot;,&quot;sizes&quot;:[]}}\" data-widget_type=\"posts.cards\">\n\t\t\t\t<div class=\"elementor-widget-container\">\n\t\t\t<link rel=\"stylesheet\" href=\"https:\/\/daniel-rodriguez.website\/wp-content\/plugins\/elementor-pro\/assets\/css\/widget-posts.min.css\">\t\t<div class=\"elementor-posts-container elementor-posts elementor-posts--skin-cards elementor-grid\">\n\t\t\t\t<article class=\"elementor-post elementor-grid-item post-6578 post type-post status-publish format-link has-post-thumbnail hentry category-blog post_format-post-format-link\">\n\t\t\t<div class=\"elementor-post__card\">\n\t\t\t\t<a class=\"elementor-post__thumbnail__link\" href=\"https:\/\/daniel-rodriguez.website\/en\/blog\/mejorando-la-experiencia-del-usuario-ux-estrategias-y-practicas-clave\/\" tabindex=\"-1\" ><div class=\"elementor-post__thumbnail\"><img loading=\"lazy\" width=\"1738\" height=\"938\" src=\"https:\/\/daniel-rodriguez.website\/wp-content\/uploads\/2023\/10\/mejorando-la-experiencia-de-usuario-oscar-daniel-rodriguez-jimenez-website.webp\" class=\"attachment-full size-full wp-image-9629\" alt=\"\" decoding=\"async\" srcset=\"https:\/\/daniel-rodriguez.website\/wp-content\/uploads\/2023\/10\/mejorando-la-experiencia-de-usuario-oscar-daniel-rodriguez-jimenez-website.webp 1738w, https:\/\/daniel-rodriguez.website\/wp-content\/uploads\/2023\/10\/mejorando-la-experiencia-de-usuario-oscar-daniel-rodriguez-jimenez-website-300x162.webp 300w, https:\/\/daniel-rodriguez.website\/wp-content\/uploads\/2023\/10\/mejorando-la-experiencia-de-usuario-oscar-daniel-rodriguez-jimenez-website-1024x553.webp 1024w, https:\/\/daniel-rodriguez.website\/wp-content\/uploads\/2023\/10\/mejorando-la-experiencia-de-usuario-oscar-daniel-rodriguez-jimenez-website-768x414.webp 768w, https:\/\/daniel-rodriguez.website\/wp-content\/uploads\/2023\/10\/mejorando-la-experiencia-de-usuario-oscar-daniel-rodriguez-jimenez-website-1536x829.webp 1536w, https:\/\/daniel-rodriguez.website\/wp-content\/uploads\/2023\/10\/mejorando-la-experiencia-de-usuario-oscar-daniel-rodriguez-jimenez-website-18x10.webp 18w\" sizes=\"(max-width: 1738px) 100vw, 1738px\" \/><\/div><\/a>\n\t\t\t\t<div class=\"elementor-post__avatar\">\n\t\t\t<img alt='oscardaniel.rj' src='https:\/\/daniel-rodriguez.website\/wp-content\/uploads\/2023\/10\/oscar-daniel-rodriguez-jimenez-disenador-ux-ui-marketing-user-128x128.webp' srcset='https:\/\/daniel-rodriguez.website\/wp-content\/uploads\/2023\/10\/oscar-daniel-rodriguez-jimenez-disenador-ux-ui-marketing-user-256x256.webp 2x' class='avatar avatar-128 photo' height='128' width='128' loading='lazy' decoding='async'\/>\t\t<\/div>\n\t\t\t\t<div class=\"elementor-post__text\">\n\t\t\t\t<h3 class=\"elementor-post__title\">\n\t\t\t<a href=\"https:\/\/daniel-rodriguez.website\/en\/blog\/mejorando-la-experiencia-del-usuario-ux-estrategias-y-practicas-clave\/\" >\n\t\t\t\tMejorando la Experiencia del Usuario (UX): Estrategias y Pr\u00e1cticas Clave\t\t\t<\/a>\n\t\t<\/h3>\n\t\t\n\t\t<a class=\"elementor-post__read-more\" href=\"https:\/\/daniel-rodriguez.website\/en\/blog\/mejorando-la-experiencia-del-usuario-ux-estrategias-y-practicas-clave\/\" aria-label=\"Read more about Mejorando la Experiencia del Usuario (UX): Estrategias y Pr\u00e1cticas Clave\" tabindex=\"-1\" >\n\t\t\tRead more \u00bb\t\t<\/a>\n\n\t\t\t\t<\/div>\n\t\t\t\t<div class=\"elementor-post__meta-data\">\n\t\t\t\t\t<span class=\"elementor-post-date\">\n\t\t\tOctober 11, 2023\t\t<\/span>\n\t\t\t\t<span class=\"elementor-post-avatar\">\n\t\t\tNo Comments\t\t<\/span>\n\t\t\t\t<\/div>\n\t\t\t\t\t<\/div>\n\t\t<\/article>\n\t\t\t\t<article class=\"elementor-post elementor-grid-item post-6579 post type-post status-publish format-link has-post-thumbnail hentry category-blog post_format-post-format-link\">\n\t\t\t<div class=\"elementor-post__card\">\n\t\t\t\t<a class=\"elementor-post__thumbnail__link\" href=\"https:\/\/daniel-rodriguez.website\/en\/blog\/la-revolucion-continua-de-la-experiencia-de-usuario-ux-en-la-era-digital-2\/\" tabindex=\"-1\" ><div class=\"elementor-post__thumbnail\"><img loading=\"lazy\" width=\"870\" height=\"470\" src=\"https:\/\/daniel-rodriguez.website\/wp-content\/uploads\/2023\/03\/b4.jpeg\" class=\"attachment-full size-full wp-image-1867\" alt=\"\" decoding=\"async\" srcset=\"https:\/\/daniel-rodriguez.website\/wp-content\/uploads\/2023\/03\/b4.jpeg 870w, https:\/\/daniel-rodriguez.website\/wp-content\/uploads\/2023\/03\/b4-300x162.jpeg 300w, https:\/\/daniel-rodriguez.website\/wp-content\/uploads\/2023\/03\/b4-768x415.jpeg 768w\" sizes=\"(max-width: 870px) 100vw, 870px\" \/><\/div><\/a>\n\t\t\t\t<div class=\"elementor-post__avatar\">\n\t\t\t<img alt='oscardaniel.rj' src='https:\/\/daniel-rodriguez.website\/wp-content\/uploads\/2023\/10\/oscar-daniel-rodriguez-jimenez-disenador-ux-ui-marketing-user-128x128.webp' srcset='https:\/\/daniel-rodriguez.website\/wp-content\/uploads\/2023\/10\/oscar-daniel-rodriguez-jimenez-disenador-ux-ui-marketing-user-256x256.webp 2x' class='avatar avatar-128 photo' height='128' width='128' loading='lazy' decoding='async'\/>\t\t<\/div>\n\t\t\t\t<div class=\"elementor-post__text\">\n\t\t\t\t<h3 class=\"elementor-post__title\">\n\t\t\t<a href=\"https:\/\/daniel-rodriguez.website\/en\/blog\/la-revolucion-continua-de-la-experiencia-de-usuario-ux-en-la-era-digital-2\/\" >\n\t\t\t\tThe Continuing Revolution of User Experience (UX) in the Digital Age\t\t\t<\/a>\n\t\t<\/h3>\n\t\t\n\t\t<a class=\"elementor-post__read-more\" href=\"https:\/\/daniel-rodriguez.website\/en\/blog\/la-revolucion-continua-de-la-experiencia-de-usuario-ux-en-la-era-digital-2\/\" aria-label=\"Read more about La Revoluci\u00f3n Continua de la Experiencia de Usuario (UX) en la Era Digital\" tabindex=\"-1\" >\n\t\t\tRead more \u00bb\t\t<\/a>\n\n\t\t\t\t<\/div>\n\t\t\t\t<div class=\"elementor-post__meta-data\">\n\t\t\t\t\t<span class=\"elementor-post-date\">\n\t\t\tOctober 11, 2023\t\t<\/span>\n\t\t\t\t<span class=\"elementor-post-avatar\">\n\t\t\tNo Comments\t\t<\/span>\n\t\t\t\t<\/div>\n\t\t\t\t\t<\/div>\n\t\t<\/article>\n\t\t\t\t<article class=\"elementor-post elementor-grid-item post-6580 post type-post status-publish format-link has-post-thumbnail hentry category-blog post_format-post-format-link\">\n\t\t\t<div class=\"elementor-post__card\">\n\t\t\t\t<a class=\"elementor-post__thumbnail__link\" href=\"https:\/\/daniel-rodriguez.website\/en\/blog\/explorando-las-tendencias-de-experiencia-del-usuario-para-el-2024\/\" tabindex=\"-1\" ><div class=\"elementor-post__thumbnail\"><img loading=\"lazy\" width=\"1738\" height=\"938\" src=\"https:\/\/daniel-rodriguez.website\/wp-content\/uploads\/2023\/10\/explorando-las-tendencias-de-experiencia-de-usuario-para-el-2024-oscar-daniel-rodriguez-jimenez-website.webp\" class=\"attachment-full size-full wp-image-9635\" alt=\"\" decoding=\"async\" srcset=\"https:\/\/daniel-rodriguez.website\/wp-content\/uploads\/2023\/10\/explorando-las-tendencias-de-experiencia-de-usuario-para-el-2024-oscar-daniel-rodriguez-jimenez-website.webp 1738w, https:\/\/daniel-rodriguez.website\/wp-content\/uploads\/2023\/10\/explorando-las-tendencias-de-experiencia-de-usuario-para-el-2024-oscar-daniel-rodriguez-jimenez-website-300x162.webp 300w, https:\/\/daniel-rodriguez.website\/wp-content\/uploads\/2023\/10\/explorando-las-tendencias-de-experiencia-de-usuario-para-el-2024-oscar-daniel-rodriguez-jimenez-website-1024x553.webp 1024w, https:\/\/daniel-rodriguez.website\/wp-content\/uploads\/2023\/10\/explorando-las-tendencias-de-experiencia-de-usuario-para-el-2024-oscar-daniel-rodriguez-jimenez-website-768x414.webp 768w, https:\/\/daniel-rodriguez.website\/wp-content\/uploads\/2023\/10\/explorando-las-tendencias-de-experiencia-de-usuario-para-el-2024-oscar-daniel-rodriguez-jimenez-website-1536x829.webp 1536w, https:\/\/daniel-rodriguez.website\/wp-content\/uploads\/2023\/10\/explorando-las-tendencias-de-experiencia-de-usuario-para-el-2024-oscar-daniel-rodriguez-jimenez-website-18x10.webp 18w\" sizes=\"(max-width: 1738px) 100vw, 1738px\" \/><\/div><\/a>\n\t\t\t\t<div class=\"elementor-post__avatar\">\n\t\t\t<img alt='oscardaniel.rj' src='https:\/\/daniel-rodriguez.website\/wp-content\/uploads\/2023\/10\/oscar-daniel-rodriguez-jimenez-disenador-ux-ui-marketing-user-128x128.webp' srcset='https:\/\/daniel-rodriguez.website\/wp-content\/uploads\/2023\/10\/oscar-daniel-rodriguez-jimenez-disenador-ux-ui-marketing-user-256x256.webp 2x' class='avatar avatar-128 photo' height='128' width='128' loading='lazy' decoding='async'\/>\t\t<\/div>\n\t\t\t\t<div class=\"elementor-post__text\">\n\t\t\t\t<h3 class=\"elementor-post__title\">\n\t\t\t<a href=\"https:\/\/daniel-rodriguez.website\/en\/blog\/explorando-las-tendencias-de-experiencia-del-usuario-para-el-2024\/\" >\n\t\t\t\tExplorando las Tendencias de Experiencia del Usuario para el 2024\t\t\t<\/a>\n\t\t<\/h3>\n\t\t\n\t\t<a class=\"elementor-post__read-more\" href=\"https:\/\/daniel-rodriguez.website\/en\/blog\/explorando-las-tendencias-de-experiencia-del-usuario-para-el-2024\/\" aria-label=\"Read more about Explorando las Tendencias de Experiencia del Usuario para el 2024\" tabindex=\"-1\" >\n\t\t\tRead more \u00bb\t\t<\/a>\n\n\t\t\t\t<\/div>\n\t\t\t\t<div class=\"elementor-post__meta-data\">\n\t\t\t\t\t<span class=\"elementor-post-date\">\n\t\t\tOctober 11, 2023\t\t<\/span>\n\t\t\t\t<span class=\"elementor-post-avatar\">\n\t\t\tNo Comments\t\t<\/span>\n\t\t\t\t<\/div>\n\t\t\t\t\t<\/div>\n\t\t<\/article>\n\t\t\t\t<\/div>\n\t\t\n\t\t\t\t<\/div>\n\t\t\t\t<\/div>\n\t\t\t\t\t<\/div>\n\t\t\t\t<\/div>\n\t\t\t\t\t<\/div>\n\t\t\t\t<\/div>\n\t\t\t\t\t\t\t<\/div>","protected":false},"excerpt":{"rendered":"<p>\u00a1Bienvenido al coraz\u00f3n de la inspiraci\u00f3n! Descubre ideas innovadoras, consejos expertos y noticias emocionantes en todos mis \u00e1mbitos. Mis servicios<\/p>","protected":false},"author":1,"featured_media":7068,"parent":0,"menu_order":0,"comment_status":"closed","ping_status":"closed","template":"","meta":{"footnotes":""},"categories":[],"tags":[],"yoast_head":"<!-- This site is optimized with the Yoast SEO plugin v21.2 - https:\/\/yoast.com\/wordpress\/plugins\/seo\/ -->\n<title>Blog | Donde el conocimiento y la Inspiraci\u00f3n se encuentran<\/title>\n<meta name=\"description\" content=\"Bienvenido a mi rinc\u00f3n de conocimiento y creatividad. Sum\u00e9rgete en art\u00edculos frescos y perspicaces que te mantendr\u00e1n inspirado e informado.\" \/>\n<meta name=\"robots\" content=\"index, follow, max-snippet:-1, max-image-preview:large, max-video-preview:-1\" \/>\n<link rel=\"canonical\" href=\"https:\/\/daniel-rodriguez.website\/en\/blog\/\" \/>\n<meta property=\"og:locale\" content=\"en_US\" \/>\n<meta property=\"og:type\" content=\"article\" \/>\n<meta property=\"og:title\" content=\"Blog | Donde el conocimiento y la Inspiraci\u00f3n se encuentran\" \/>\n<meta property=\"og:description\" content=\"Bienvenido a mi rinc\u00f3n de conocimiento y creatividad. Sum\u00e9rgete en art\u00edculos frescos y perspicaces que te mantendr\u00e1n inspirado e informado.\" \/>\n<meta property=\"og:url\" content=\"https:\/\/daniel-rodriguez.website\/en\/blog\/\" \/>\n<meta property=\"og:site_name\" content=\"Oscar Daniel Rodr\u00edguez Jim\u00e9nez\" \/>\n<meta property=\"article:modified_time\" content=\"2024-01-26T20:41:41+00:00\" \/>\n<meta property=\"og:image\" content=\"https:\/\/daniel-rodriguez.website\/wp-content\/uploads\/2023\/10\/featured-image-blog-oscar-daniel-rodriguez-jimenez.webp\" \/>\n\t<meta property=\"og:image:width\" content=\"300\" \/>\n\t<meta property=\"og:image:height\" content=\"300\" \/>\n\t<meta property=\"og:image:type\" content=\"image\/webp\" \/>\n<meta name=\"twitter:card\" content=\"summary_large_image\" \/>\n<meta name=\"twitter:label1\" content=\"Est. reading time\" \/>\n\t<meta name=\"twitter:data1\" content=\"2 minutes\" \/>\n<script type=\"application\/ld+json\" class=\"yoast-schema-graph\">{\"@context\":\"https:\/\/schema.org\",\"@graph\":[{\"@type\":\"WebPage\",\"@id\":\"https:\/\/daniel-rodriguez.website\/blog\/\",\"url\":\"https:\/\/daniel-rodriguez.website\/blog\/\",\"name\":\"Blog | Donde el conocimiento y la Inspiraci\u00f3n se encuentran\",\"isPartOf\":{\"@id\":\"https:\/\/daniel-rodriguez.website\/#website\"},\"datePublished\":\"2023-09-29T06:17:48+00:00\",\"dateModified\":\"2024-01-26T20:41:41+00:00\",\"description\":\"Bienvenido a mi rinc\u00f3n de conocimiento y creatividad. Sum\u00e9rgete en art\u00edculos frescos y perspicaces que te mantendr\u00e1n inspirado e informado.\",\"breadcrumb\":{\"@id\":\"https:\/\/daniel-rodriguez.website\/blog\/#breadcrumb\"},\"inLanguage\":\"en-US\",\"potentialAction\":[{\"@type\":\"ReadAction\",\"target\":[\"https:\/\/daniel-rodriguez.website\/blog\/\"]}]},{\"@type\":\"BreadcrumbList\",\"@id\":\"https:\/\/daniel-rodriguez.website\/blog\/#breadcrumb\",\"itemListElement\":[{\"@type\":\"ListItem\",\"position\":1,\"name\":\"Home\",\"item\":\"https:\/\/daniel-rodriguez.website\/\"},{\"@type\":\"ListItem\",\"position\":2,\"name\":\"Blog\"}]},{\"@type\":\"WebSite\",\"@id\":\"https:\/\/daniel-rodriguez.website\/#website\",\"url\":\"https:\/\/daniel-rodriguez.website\/\",\"name\":\"Oscar Daniel Rodr\u00edguez Jim\u00e9nez\",\"description\":\"\",\"potentialAction\":[{\"@type\":\"SearchAction\",\"target\":{\"@type\":\"EntryPoint\",\"urlTemplate\":\"https:\/\/daniel-rodriguez.website\/?s={search_term_string}\"},\"query-input\":\"required name=search_term_string\"}],\"inLanguage\":\"en-US\"}]}<\/script>\n<!-- \/ Yoast SEO plugin. -->","yoast_head_json":{"title":"Blog | Where knowledge and inspiration meet","description":"Welcome to my corner of knowledge and creativity. Immerse yourself in fresh and insightful articles that will keep you inspired and informed.","robots":{"index":"index","follow":"follow","max-snippet":"max-snippet:-1","max-image-preview":"max-image-preview:large","max-video-preview":"max-video-preview:-1"},"canonical":"https:\/\/daniel-rodriguez.website\/en\/blog\/","og_locale":"en_US","og_type":"article","og_title":"Blog | Donde el conocimiento y la Inspiraci\u00f3n se encuentran","og_description":"Bienvenido a mi rinc\u00f3n de conocimiento y creatividad. Sum\u00e9rgete en art\u00edculos frescos y perspicaces que te mantendr\u00e1n inspirado e informado.","og_url":"https:\/\/daniel-rodriguez.website\/en\/blog\/","og_site_name":"Oscar Daniel Rodr\u00edguez Jim\u00e9nez","article_modified_time":"2024-01-26T20:41:41+00:00","og_image":[{"width":300,"height":300,"url":"https:\/\/daniel-rodriguez.website\/wp-content\/uploads\/2023\/10\/featured-image-blog-oscar-daniel-rodriguez-jimenez.webp","type":"image\/webp"}],"twitter_card":"summary_large_image","twitter_misc":{"Est. reading time":"2 minutes"},"schema":{"@context":"https:\/\/schema.org","@graph":[{"@type":"WebPage","@id":"https:\/\/daniel-rodriguez.website\/blog\/","url":"https:\/\/daniel-rodriguez.website\/blog\/","name":"Blog | Where knowledge and inspiration meet","isPartOf":{"@id":"https:\/\/daniel-rodriguez.website\/#website"},"datePublished":"2023-09-29T06:17:48+00:00","dateModified":"2024-01-26T20:41:41+00:00","description":"Welcome to my corner of knowledge and creativity. Immerse yourself in fresh and insightful articles that will keep you inspired and informed.","breadcrumb":{"@id":"https:\/\/daniel-rodriguez.website\/blog\/#breadcrumb"},"inLanguage":"en-US","potentialAction":[{"@type":"ReadAction","target":["https:\/\/daniel-rodriguez.website\/blog\/"]}]},{"@type":"BreadcrumbList","@id":"https:\/\/daniel-rodriguez.website\/blog\/#breadcrumb","itemListElement":[{"@type":"ListItem","position":1,"name":"Home","item":"https:\/\/daniel-rodriguez.website\/"},{"@type":"ListItem","position":2,"name":"Blog"}]},{"@type":"WebSite","@id":"https:\/\/daniel-rodriguez.website\/#website","url":"https:\/\/daniel-rodriguez.website\/","name":"Oscar Daniel Rodr\u00edguez Jim\u00e9nez","description":"","potentialAction":[{"@type":"SearchAction","target":{"@type":"EntryPoint","urlTemplate":"https:\/\/daniel-rodriguez.website\/?s={search_term_string}"},"query-input":"required name=search_term_string"}],"inLanguage":"en-US"}]}},"_links":{"self":[{"href":"https:\/\/daniel-rodriguez.website\/en\/wp-json\/wp\/v2\/pages\/3410"}],"collection":[{"href":"https:\/\/daniel-rodriguez.website\/en\/wp-json\/wp\/v2\/pages"}],"about":[{"href":"https:\/\/daniel-rodriguez.website\/en\/wp-json\/wp\/v2\/types\/page"}],"author":[{"embeddable":true,"href":"https:\/\/daniel-rodriguez.website\/en\/wp-json\/wp\/v2\/users\/1"}],"replies":[{"embeddable":true,"href":"https:\/\/daniel-rodriguez.website\/en\/wp-json\/wp\/v2\/comments?post=3410"}],"version-history":[{"count":72,"href":"https:\/\/daniel-rodriguez.website\/en\/wp-json\/wp\/v2\/pages\/3410\/revisions"}],"predecessor-version":[{"id":9639,"href":"https:\/\/daniel-rodriguez.website\/en\/wp-json\/wp\/v2\/pages\/3410\/revisions\/9639"}],"wp:featuredmedia":[{"embeddable":true,"href":"https:\/\/daniel-rodriguez.website\/en\/wp-json\/wp\/v2\/media\/7068"}],"wp:attachment":[{"href":"https:\/\/daniel-rodriguez.website\/en\/wp-json\/wp\/v2\/media?parent=3410"}],"wp:term":[{"taxonomy":"category","embeddable":true,"href":"https:\/\/daniel-rodriguez.website\/en\/wp-json\/wp\/v2\/categories?post=3410"},{"taxonomy":"post_tag","embeddable":true,"href":"https:\/\/daniel-rodriguez.website\/en\/wp-json\/wp\/v2\/tags?post=3410"}],"curies":[{"name":"wp","href":"https:\/\/api.w.org\/{rel}","templated":true}]}}