
{"id":2090,"date":"2023-03-02T21:54:55","date_gmt":"2023-03-02T21:54:55","guid":{"rendered":"https:\/\/preview.codeless.co\/converta\/default\/?page_id=2090"},"modified":"2024-01-30T23:45:19","modified_gmt":"2024-01-30T23:45:19","slug":"contactame","status":"publish","type":"page","link":"https:\/\/daniel-rodriguez.website\/en\/contact-me\/","title":{"rendered":"Contact me"},"content":{"rendered":"<div data-elementor-type=\"wp-page\" data-elementor-id=\"2090\" class=\"elementor elementor-2090\" data-elementor-post-type=\"page\">\n\t\t\t\t\t\t\t<div class=\"elementor-element elementor-element-d4c64fe max-height-slider e-con-full e-flex elementor-invisible e-con e-parent\" data-id=\"d4c64fe\" data-element_type=\"container\" id=\"gradient-acerca\" data-settings=\"{&quot;background_background&quot;:&quot;classic&quot;,&quot;animation&quot;:&quot;fadeIn&quot;,&quot;content_width&quot;:&quot;full&quot;}\" data-core-v316-plus=\"true\">\n\t\t<div class=\"elementor-element elementor-element-dac78ae e-flex e-con-boxed e-con e-child\" data-id=\"dac78ae\" data-element_type=\"container\" data-settings=\"{&quot;content_width&quot;:&quot;boxed&quot;}\">\n\t\t\t\t\t<div class=\"e-con-inner\">\n\t\t<div class=\"elementor-element elementor-element-1bd7ea2 e-con-full e-flex e-con e-child\" data-id=\"1bd7ea2\" data-element_type=\"container\" data-settings=\"{&quot;content_width&quot;:&quot;full&quot;}\">\n\t\t\t\t<div class=\"elementor-element elementor-element-ee1a725 display-font-1 elementor-invisible elementor-widget elementor-widget-heading\" data-id=\"ee1a725\" data-element_type=\"widget\" data-settings=\"{&quot;_animation&quot;:&quot;fadeInUp&quot;,&quot;_animation_delay&quot;:400}\" data-widget_type=\"heading.default\">\n\t\t\t\t<div class=\"elementor-widget-container\">\n\t\t\t<style>\/*! elementor - v3.16.0 - 12-09-2023 *\/\n.elementor-heading-title{padding:0;margin:0;line-height:1}.elementor-widget-heading .elementor-heading-title[class*=elementor-size-]>a{color:inherit;font-size:inherit;line-height:inherit}.elementor-widget-heading .elementor-heading-title.elementor-size-small{font-size:15px}.elementor-widget-heading .elementor-heading-title.elementor-size-medium{font-size:19px}.elementor-widget-heading .elementor-heading-title.elementor-size-large{font-size:29px}.elementor-widget-heading .elementor-heading-title.elementor-size-xl{font-size:39px}.elementor-widget-heading .elementor-heading-title.elementor-size-xxl{font-size:59px}<\/style><h1 class=\"elementor-heading-title elementor-size-default\">How I <span class=\"cl-with-gradient\">can help<\/span>?<\/h1>\t\t<\/div>\n\t\t\t\t<\/div>\n\t\t\t\t<div class=\"elementor-element elementor-element-707dad5 elementor-widget elementor-widget-text-editor\" data-id=\"707dad5\" data-element_type=\"widget\" data-widget_type=\"text-editor.default\">\n\t\t\t\t<div class=\"elementor-widget-container\">\n\t\t\t<style>\/*! elementor - v3.16.0 - 12-09-2023 *\/\n.elementor-widget-text-editor.elementor-drop-cap-view-stacked .elementor-drop-cap{background-color:#69727d;color:#fff}.elementor-widget-text-editor.elementor-drop-cap-view-framed .elementor-drop-cap{color:#69727d;border:3px solid;background-color:transparent}.elementor-widget-text-editor:not(.elementor-drop-cap-view-default) .elementor-drop-cap{margin-top:8px}.elementor-widget-text-editor:not(.elementor-drop-cap-view-default) .elementor-drop-cap-letter{width:1em;height:1em}.elementor-widget-text-editor .elementor-drop-cap{float:left;text-align:center;line-height:1;font-size:50px}.elementor-widget-text-editor .elementor-drop-cap-letter{display:inline-block}<\/style>\t\t\t\tWhether you have questions, suggestions, collaboration opportunities, or just want to say hi, I'm here to read. Your opinion and your presence are important to me.\t\t\t\t\t\t<\/div>\n\t\t\t\t<\/div>\n\t\t\t\t<\/div>\n\t\t<div class=\"elementor-element elementor-element-9fd59cd e-con-full e-flex e-con e-child\" data-id=\"9fd59cd\" data-element_type=\"container\" data-settings=\"{&quot;content_width&quot;:&quot;full&quot;}\">\n\t\t<div class=\"elementor-element elementor-element-d1ad481 e-con-full e-flex e-con e-child\" data-id=\"d1ad481\" data-element_type=\"container\" data-settings=\"{&quot;content_width&quot;:&quot;full&quot;,&quot;background_background&quot;:&quot;classic&quot;}\">\n\t\t\t\t<div class=\"elementor-element elementor-element-b4fa7bc elementor-widget elementor-widget-shortcode\" data-id=\"b4fa7bc\" data-element_type=\"widget\" id=\"contacto\" data-widget_type=\"shortcode.default\">\n\t\t\t\t<div class=\"elementor-widget-container\">\n\t\t\t\t\t<div class=\"elementor-shortcode\"><script type=\"text\/javascript\">var gform;gform||(document.addEventListener(\"gform_main_scripts_loaded\",function(){gform.scriptsLoaded=!0}),window.addEventListener(\"DOMContentLoaded\",function(){gform.domLoaded=!0}),gform={domLoaded:!1,scriptsLoaded:!1,initializeOnLoaded:function(o){gform.domLoaded&&gform.scriptsLoaded?o():!gform.domLoaded&&gform.scriptsLoaded?window.addEventListener(\"DOMContentLoaded\",o):document.addEventListener(\"gform_main_scripts_loaded\",o)},hooks:{action:{},filter:{}},addAction:function(o,n,r,t){gform.addHook(\"action\",o,n,r,t)},addFilter:function(o,n,r,t){gform.addHook(\"filter\",o,n,r,t)},doAction:function(o){gform.doHook(\"action\",o,arguments)},applyFilters:function(o){return gform.doHook(\"filter\",o,arguments)},removeAction:function(o,n){gform.removeHook(\"action\",o,n)},removeFilter:function(o,n,r){gform.removeHook(\"filter\",o,n,r)},addHook:function(o,n,r,t,i){null==gform.hooks[o][n]&&(gform.hooks[o][n]=[]);var e=gform.hooks[o][n];null==i&&(i=n+\"_\"+e.length),gform.hooks[o][n].push({tag:i,callable:r,priority:t=null==t?10:t})},doHook:function(n,o,r){var t;if(r=Array.prototype.slice.call(r,1),null!=gform.hooks[n][o]&&((o=gform.hooks[n][o]).sort(function(o,n){return o.priority-n.priority}),o.forEach(function(o){\"function\"!=typeof(t=o.callable)&&(t=window[t]),\"action\"==n?t.apply(null,r):r[0]=t.apply(null,r)})),\"filter\"==n)return r[0]},removeHook:function(o,n,t,i){var r;null!=gform.hooks[o][n]&&(r=(r=gform.hooks[o][n]).filter(function(o,n,r){return!!(null!=i&&i!=o.tag||null!=t&&t!=o.priority)}),gform.hooks[o][n]=r)}});<\/script>\n                <div class='gf_browser_gecko gform_wrapper gravity-theme' id='gform_wrapper_2' style='display:none'><div id='gf_2' class='gform_anchor' tabindex='-1'><\/div><form method='post' enctype='multipart\/form-data' target='gform_ajax_frame_2' id='gform_2'  action='\/en\/wp-json\/wp\/v2\/pages\/2090#gf_2' data-trp-original-action=\"\/en\/wp-json\/wp\/v2\/pages\/2090#gf_2\" >\n                        <div class='gform_body gform-body'><div id='gform_fields_2' class='gform_fields top_label form_sublabel_below description_below'><fieldset id=\"field_2_1\" class=\"gfield gfield_contains_required field_sublabel_below field_description_below gfield_visibility_visible\" ><legend class='gfield_label gfield_label_before_complex'  >Fill out the following form.<span class=\"gfield_required\"><span class=\"gfield_required gfield_required_text\">(Required)<\/span><\/span><\/legend><div class='ginput_complex ginput_container no_prefix has_first_name no_middle_name has_last_name no_suffix gf_name_has_2 ginput_container_name' id='input_2_1'>\n                            \n                            <span id='input_2_1_3_container' class='name_first' >\n                                                    <input type='text' name='input_1.3' id='input_2_1_3' value=''   aria-required='true'   placeholder='First Name(s)'  \/>\n                                                    <label for='input_2_1_3' >First<\/label>\n                                                <\/span>\n                            \n                            <span id='input_2_1_6_container' class='name_last' >\n                                                    <input type='text' name='input_1.6' id='input_2_1_6' value=''   aria-required='true'   placeholder='Last Name(s)'  \/>\n                                                    <label for='input_2_1_6' >Last<\/label>\n                                                <\/span>\n                            \n                        <\/div><\/fieldset><div id=\"field_2_2\" class=\"gfield gfield--width-full gfield_contains_required field_sublabel_below field_description_below hidden_label gfield_visibility_visible\" ><label class='gfield_label' for='input_2_2' >Email<span class=\"gfield_required\"><span class=\"gfield_required gfield_required_text\">(Required)<\/span><\/span><\/label><div class='ginput_container ginput_container_email'>\n                            <input name='input_2' id='input_2_2' type='text' value='' class='large'   placeholder='Your email' aria-required=\"true\" aria-invalid=\"false\"  \/>\n                        <\/div><\/div><div id=\"field_2_4\" class=\"gfield gfield--width-full field_sublabel_below field_description_below gfield_visibility_visible\" ><label class='gfield_label' for='input_2_4' >What service are you interested in?<\/label><div class='ginput_container ginput_container_select'><select name='input_4' id='input_2_4' class='large gfield_select'     aria-invalid=\"false\" ><option value='Dise\u00f1o Digital' >Digital Design<\/option><option value='UX \/ UI' >UX \/ UI<\/option><option value='Marketing' >Marketing<\/option><option value='MBA' >MBA<\/option><option value='Solo saludando' >Just saying: Hi!<\/option><option value='Otro' >Other<\/option><\/select><\/div><\/div><div id=\"field_2_8\" class=\"gfield gfield--width-full gfield_contains_required field_sublabel_below field_description_below gfield_visibility_visible\" ><label class='gfield_label' for='input_2_8' >How I can help?<span class=\"gfield_required\"><span class=\"gfield_required gfield_required_text\">(Required)<\/span><\/span><\/label><div class='ginput_container ginput_container_text'><input name='input_8' id='input_2_8' type='text' value='' class='large'     aria-required=\"true\" aria-invalid=\"false\"   \/> <\/div><\/div><div id=\"field_2_5\" class=\"gfield gfield--width-full gfield_contains_required field_sublabel_below field_description_below gfield_visibility_visible\" ><label class='gfield_label' for='input_2_5' >Would you like to complement your message?<span class=\"gfield_required\"><span class=\"gfield_required gfield_required_text\">(Required)<\/span><\/span><\/label><div class='ginput_container ginput_container_textarea'><textarea name='input_5' id='input_2_5' class='textarea large'    placeholder='Write your message here' aria-required=\"true\" aria-invalid=\"false\"   rows='10' cols='50'><\/textarea><\/div><\/div><div id=\"field_2_6\" class=\"gfield gfield--width-full field_sublabel_below field_description_below gfield_visibility_visible\" ><label class='gfield_label' for='input_2_6' >Invisible CAPTCHA<\/label><div id='input_2_6' class='ginput_container ginput_recaptcha' data-sitekey='6Lcfj2EpAAAAAMp_NL4WpRKIQO2uqeQ7dA2chuNM'  data-theme='light' data-tabindex='-1' data-size='invisible' data-badge='bottomright'><\/div><\/div><div id=\"field_2_9\" class=\"gfield gform_validation_container field_sublabel_below field_description_below gfield_visibility_visible\" ><label class='gfield_label' for='input_2_9' >Email<\/label><div class='ginput_container'><input name='input_9' id='input_2_9' type='text' value='' \/><\/div><div class='gfield_description' id='gfield_description_2_9'>This field is for validation purposes and should be left unchanged.<\/div><\/div><\/div><\/div>\n        <div class='gform_footer top_label'> <input type='submit' id='gform_submit_button_2' class='gform_button button' value='Send Now'  onclick='if(window[\"gf_submitting_2\"]){return false;}  window[\"gf_submitting_2\"]=true;  ' onkeypress='if( event.keyCode == 13 ){ if(window[\"gf_submitting_2\"]){return false;} window[\"gf_submitting_2\"]=true;  jQuery(\"#gform_2\").trigger(\"submit\",[true]); }' \/> <input type='hidden' name='gform_ajax' value='form_id=2&amp;title=&amp;description=&amp;tabindex=0' \/>\n            <input type='hidden' class='gform_hidden' name='is_submit_2' value='1' \/>\n            <input type='hidden' class='gform_hidden' name='gform_submit' value='2' \/>\n            \n            <input type='hidden' class='gform_hidden' name='gform_unique_id' value='' \/>\n            <input type='hidden' class='gform_hidden' name='state_2' value='WyJbXSIsIjQxNWMyMzI3YTBhMjU0OGRkMDdiYzkyNmZmZTlkY2EwIl0=' \/>\n            <input type='hidden' class='gform_hidden' name='gform_target_page_number_2' id='gform_target_page_number_2' value='0' \/>\n            <input type='hidden' class='gform_hidden' name='gform_source_page_number_2' id='gform_source_page_number_2' value='1' \/>\n            <input type='hidden' name='gform_field_values' value='' \/>\n            \n        <\/div>\n                        <input type=\"hidden\" name=\"trp-form-language\" value=\"en\"\/><\/form>\n                        <\/div>\n                <iframe style='display:none;width:0px;height:0px;' src='about:blank' name='gform_ajax_frame_2' id='gform_ajax_frame_2' title='This iframe contains the logic required to handle Ajax powered Gravity Forms.'><\/iframe>\n                <script type=\"text\/javascript\">\ngform.initializeOnLoaded( function() {gformInitSpinner( 2, 'https:\/\/daniel-rodriguez.website\/wp-content\/plugins\/gravityforms\/images\/spinner.svg' );jQuery('#gform_ajax_frame_2').on('load',function(){var contents = jQuery(this).contents().find('*').html();var is_postback = contents.indexOf('GF_AJAX_POSTBACK') >= 0;if(!is_postback){return;}var form_content = jQuery(this).contents().find('#gform_wrapper_2');var is_confirmation = jQuery(this).contents().find('#gform_confirmation_wrapper_2').length > 0;var is_redirect = contents.indexOf('gformRedirect(){') >= 0;var is_form = form_content.length > 0 && ! is_redirect && ! is_confirmation;var mt = parseInt(jQuery('html').css('margin-top'), 10) + parseInt(jQuery('body').css('margin-top'), 10) + 100;if(is_form){jQuery('#gform_wrapper_2').html(form_content.html());if(form_content.hasClass('gform_validation_error')){jQuery('#gform_wrapper_2').addClass('gform_validation_error');} else {jQuery('#gform_wrapper_2').removeClass('gform_validation_error');}setTimeout( function() { \/* delay the scroll by 50 milliseconds to fix a bug in chrome *\/ jQuery(document).scrollTop(jQuery('#gform_wrapper_2').offset().top - mt); }, 50 );if(window['gformInitDatepicker']) {gformInitDatepicker();}if(window['gformInitPriceFields']) {gformInitPriceFields();}var current_page = jQuery('#gform_source_page_number_2').val();gformInitSpinner( 2, 'https:\/\/daniel-rodriguez.website\/wp-content\/plugins\/gravityforms\/images\/spinner.svg' );jQuery(document).trigger('gform_page_loaded', [2, current_page]);window['gf_submitting_2'] = false;}else if(!is_redirect){var confirmation_content = jQuery(this).contents().find('.GF_AJAX_POSTBACK').html();if(!confirmation_content){confirmation_content = contents;}setTimeout(function(){jQuery('#gform_wrapper_2').replaceWith(confirmation_content);jQuery(document).scrollTop(jQuery('#gf_2').offset().top - mt);jQuery(document).trigger('gform_confirmation_loaded', [2]);window['gf_submitting_2'] = false;wp.a11y.speak(jQuery('#gform_confirmation_message_2').text());}, 50);}else{jQuery('#gform_2').append(contents);if(window['gformRedirect']) {gformRedirect();}}jQuery(document).trigger('gform_post_render', [2, current_page]);} );} );\n<\/script>\n\n<\/div>\n\t\t\t\t<\/div>\n\t\t\t\t<\/div>\n\t\t\t\t<\/div>\n\t\t\t\t<\/div>\n\t\t<div class=\"elementor-element elementor-element-0cd5a4f e-flex e-con-boxed e-con e-child\" data-id=\"0cd5a4f\" data-element_type=\"container\" data-settings=\"{&quot;position&quot;:&quot;absolute&quot;,&quot;content_width&quot;:&quot;boxed&quot;}\">\n\t\t\t\t\t<div class=\"e-con-inner\">\n\t\t\t\t<div class=\"elementor-element elementor-element-8e610ed elementor-view-stacked elementor-widget__width-auto scroll-circle-shadow elementor-hidden-mobile elementor-shape-circle elementor-widget elementor-widget-icon\" data-id=\"8e610ed\" data-element_type=\"widget\" data-widget_type=\"icon.default\">\n\t\t\t\t<div class=\"elementor-widget-container\">\n\t\t\t\t\t<div class=\"elementor-icon-wrapper\">\n\t\t\t<a class=\"elementor-icon\" href=\"#orgullosamente\">\n\t\t\t<i aria-hidden=\"true\" class=\"feather  feather-arrow-down\"><\/i>\t\t\t<\/a>\n\t\t<\/div>\n\t\t\t\t<\/div>\n\t\t\t\t<\/div>\n\t\t\t\t\t<\/div>\n\t\t\t\t<\/div>\n\t\t\t\t\t<\/div>\n\t\t\t\t<\/div>\n\t\t\t\t<\/div>\n\t\t<div class=\"elementor-element elementor-element-c171fbb e-flex e-con-boxed e-con e-parent\" data-id=\"c171fbb\" data-element_type=\"container\" data-settings=\"{&quot;content_width&quot;:&quot;boxed&quot;}\" data-core-v316-plus=\"true\">\n\t\t\t\t\t<div class=\"e-con-inner\">\n\t\t<div class=\"elementor-element elementor-element-2797e41 e-con-full e-flex e-con e-child\" data-id=\"2797e41\" data-element_type=\"container\" data-settings=\"{&quot;content_width&quot;:&quot;full&quot;}\">\n\t\t\t\t<div class=\"elementor-element elementor-element-17c341c elementor-widget elementor-widget-image\" data-id=\"17c341c\" data-element_type=\"widget\" data-widget_type=\"image.default\">\n\t\t\t\t<div class=\"elementor-widget-container\">\n\t\t\t<style>\/*! elementor - v3.16.0 - 12-09-2023 *\/\n.elementor-widget-image{text-align:center}.elementor-widget-image a{display:inline-block}.elementor-widget-image a img[src$=\".svg\"]{width:48px}.elementor-widget-image img{vertical-align:middle;display:inline-block}<\/style>\t\t\t\t\t\t\t\t\t\t\t\t<img decoding=\"async\" loading=\"lazy\" width=\"570\" height=\"394\" src=\"https:\/\/daniel-rodriguez.website\/wp-content\/uploads\/2023\/03\/contact-exp-min.png\" class=\"attachment-large size-large wp-image-2102\" alt=\"\" srcset=\"https:\/\/daniel-rodriguez.website\/wp-content\/uploads\/2023\/03\/contact-exp-min.png 570w, https:\/\/daniel-rodriguez.website\/wp-content\/uploads\/2023\/03\/contact-exp-min-300x207.png 300w\" sizes=\"(max-width: 570px) 100vw, 570px\" \/>\t\t\t\t\t\t\t\t\t\t\t\t\t\t\t<\/div>\n\t\t\t\t<\/div>\n\t\t\t\t<\/div>\n\t\t<div class=\"elementor-element elementor-element-c43b97c e-con-full e-flex e-con e-child\" data-id=\"c43b97c\" data-element_type=\"container\" data-settings=\"{&quot;content_width&quot;:&quot;full&quot;}\">\n\t\t\t\t<div class=\"elementor-element elementor-element-1e8b12f elementor-widget elementor-widget-heading\" data-id=\"1e8b12f\" data-element_type=\"widget\" data-widget_type=\"heading.default\">\n\t\t\t\t<div class=\"elementor-widget-container\">\n\t\t\t<h2 class=\"elementor-heading-title elementor-size-default\">I Would be Excited to be Part of Your Project<\/h2>\t\t<\/div>\n\t\t\t\t<\/div>\n\t\t\t\t<div class=\"elementor-element elementor-element-5404eb1 elementor-widget__width-initial elementor-widget elementor-widget-text-editor\" data-id=\"5404eb1\" data-element_type=\"widget\" data-widget_type=\"text-editor.default\">\n\t\t\t\t<div class=\"elementor-widget-container\">\n\t\t\t\t\t\t\t<p>I am always willing to contribute my experience and passion to create exceptional and effective experiences.<\/p>\t\t\t\t\t\t<\/div>\n\t\t\t\t<\/div>\n\t\t\t\t<div class=\"elementor-element elementor-element-5df8342 elementor-align-left elementor-widget elementor-widget-button\" data-id=\"5df8342\" data-element_type=\"widget\" data-widget_type=\"button.default\">\n\t\t\t\t<div class=\"elementor-widget-container\">\n\t\t\t\t\t<div class=\"elementor-button-wrapper\">\n\t\t\t<a class=\"elementor-button elementor-button-link elementor-size-sm\" href=\"https:\/\/daniel-rodriguez.website\/en\/servicios\/\">\n\t\t\t\t\t\t<span class=\"elementor-button-content-wrapper\">\n\t\t\t\t\t\t<span class=\"elementor-button-text\">My Services<\/span>\n\t\t<\/span>\n\t\t\t\t\t<\/a>\n\t\t<\/div>\n\t\t\t\t<\/div>\n\t\t\t\t<\/div>\n\t\t\t\t<\/div>\n\t\t\t\t\t<\/div>\n\t\t\t\t<\/div>\n\t\t\t\t\t\t\t<\/div>","protected":false},"excerpt":{"rendered":"<p>\u00bfEn qu\u00e9 te puedo ayudar? Ya sea que tengas preguntas, sugerencias, oportunidades de colaboraci\u00f3n o simplemente quieras saludar, estoy aqu\u00ed para leerte. Tu opini\u00f3n y tu presencia son importantes para m\u00ed. Me entusiasmar\u00eda formar parte de tu proyecto Siempre estoy dispuesto a aportar mi experiencia y pasi\u00f3n para crear experiencias [&hellip;]<\/p>","protected":false},"author":1,"featured_media":7071,"parent":0,"menu_order":0,"comment_status":"closed","ping_status":"closed","template":"","meta":{"footnotes":""},"categories":[1],"tags":[],"yoast_head":"<!-- This site is optimized with the Yoast SEO plugin v21.2 - https:\/\/yoast.com\/wordpress\/plugins\/seo\/ -->\n<title>Cont\u00e1ctame | Estoy para leerte y ayudarte en lo que necesites.<\/title>\n<meta name=\"description\" content=\"No dudes en ponerte en contacto conmigo para conversar, idearr o resolver cualquier duda. \u00a1Hablemos y colaboremos juntos!\" \/>\n<meta name=\"robots\" content=\"index, follow, max-snippet:-1, max-image-preview:large, max-video-preview:-1\" \/>\n<link rel=\"canonical\" href=\"https:\/\/daniel-rodriguez.website\/en\/contactame\/\" \/>\n<meta property=\"og:locale\" content=\"en_US\" \/>\n<meta property=\"og:type\" content=\"article\" \/>\n<meta property=\"og:title\" content=\"Cont\u00e1ctame | Estoy para leerte y ayudarte en lo que necesites.\" \/>\n<meta property=\"og:description\" content=\"No dudes en ponerte en contacto conmigo para conversar, idearr o resolver cualquier duda. \u00a1Hablemos y colaboremos juntos!\" \/>\n<meta property=\"og:url\" content=\"https:\/\/daniel-rodriguez.website\/en\/contactame\/\" \/>\n<meta property=\"og:site_name\" content=\"Oscar Daniel Rodr\u00edguez Jim\u00e9nez\" \/>\n<meta property=\"article:modified_time\" content=\"2024-01-30T23:45:19+00:00\" \/>\n<meta property=\"og:image\" content=\"https:\/\/daniel-rodriguez.website\/wp-content\/uploads\/2023\/10\/featured-image-contactame-oscar-daniel-rodriguez-jimenez.webp\" \/>\n\t<meta property=\"og:image:width\" content=\"300\" \/>\n\t<meta property=\"og:image:height\" content=\"300\" \/>\n\t<meta property=\"og:image:type\" content=\"image\/webp\" \/>\n<meta name=\"twitter:card\" content=\"summary_large_image\" \/>\n<meta name=\"twitter:label1\" content=\"Est. reading time\" \/>\n\t<meta name=\"twitter:data1\" content=\"1 minute\" \/>\n<script type=\"application\/ld+json\" class=\"yoast-schema-graph\">{\"@context\":\"https:\/\/schema.org\",\"@graph\":[{\"@type\":\"WebPage\",\"@id\":\"https:\/\/daniel-rodriguez.website\/contactame\/\",\"url\":\"https:\/\/daniel-rodriguez.website\/contactame\/\",\"name\":\"Cont\u00e1ctame | Estoy para leerte y ayudarte en lo que necesites.\",\"isPartOf\":{\"@id\":\"https:\/\/daniel-rodriguez.website\/#website\"},\"datePublished\":\"2023-03-02T21:54:55+00:00\",\"dateModified\":\"2024-01-30T23:45:19+00:00\",\"description\":\"No dudes en ponerte en contacto conmigo para conversar, idearr o resolver cualquier duda. \u00a1Hablemos y colaboremos juntos!\",\"breadcrumb\":{\"@id\":\"https:\/\/daniel-rodriguez.website\/contactame\/#breadcrumb\"},\"inLanguage\":\"en-US\",\"potentialAction\":[{\"@type\":\"ReadAction\",\"target\":[\"https:\/\/daniel-rodriguez.website\/contactame\/\"]}]},{\"@type\":\"BreadcrumbList\",\"@id\":\"https:\/\/daniel-rodriguez.website\/contactame\/#breadcrumb\",\"itemListElement\":[{\"@type\":\"ListItem\",\"position\":1,\"name\":\"Home\",\"item\":\"https:\/\/daniel-rodriguez.website\/\"},{\"@type\":\"ListItem\",\"position\":2,\"name\":\"Cont\u00e1ctame\"}]},{\"@type\":\"WebSite\",\"@id\":\"https:\/\/daniel-rodriguez.website\/#website\",\"url\":\"https:\/\/daniel-rodriguez.website\/\",\"name\":\"Oscar Daniel Rodr\u00edguez Jim\u00e9nez\",\"description\":\"\",\"potentialAction\":[{\"@type\":\"SearchAction\",\"target\":{\"@type\":\"EntryPoint\",\"urlTemplate\":\"https:\/\/daniel-rodriguez.website\/?s={search_term_string}\"},\"query-input\":\"required name=search_term_string\"}],\"inLanguage\":\"en-US\"}]}<\/script>\n<!-- \/ Yoast SEO plugin. -->","yoast_head_json":{"title":"Contact me | I am here to read you and help you with whatever you need.","description":"Do not hesitate to contact me to talk, ideate or resolve any questions. Let's talk and collaborate together!","robots":{"index":"index","follow":"follow","max-snippet":"max-snippet:-1","max-image-preview":"max-image-preview:large","max-video-preview":"max-video-preview:-1"},"canonical":"https:\/\/daniel-rodriguez.website\/en\/contactame\/","og_locale":"en_US","og_type":"article","og_title":"Cont\u00e1ctame | Estoy para leerte y ayudarte en lo que necesites.","og_description":"No dudes en ponerte en contacto conmigo para conversar, idearr o resolver cualquier duda. \u00a1Hablemos y colaboremos juntos!","og_url":"https:\/\/daniel-rodriguez.website\/en\/contactame\/","og_site_name":"Oscar Daniel Rodr\u00edguez Jim\u00e9nez","article_modified_time":"2024-01-30T23:45:19+00:00","og_image":[{"width":300,"height":300,"url":"https:\/\/daniel-rodriguez.website\/wp-content\/uploads\/2023\/10\/featured-image-contactame-oscar-daniel-rodriguez-jimenez.webp","type":"image\/webp"}],"twitter_card":"summary_large_image","twitter_misc":{"Est. reading time":"1 minute"},"schema":{"@context":"https:\/\/schema.org","@graph":[{"@type":"WebPage","@id":"https:\/\/daniel-rodriguez.website\/contactame\/","url":"https:\/\/daniel-rodriguez.website\/contactame\/","name":"Contact me | I am here to read you and help you with whatever you need.","isPartOf":{"@id":"https:\/\/daniel-rodriguez.website\/#website"},"datePublished":"2023-03-02T21:54:55+00:00","dateModified":"2024-01-30T23:45:19+00:00","description":"Do not hesitate to contact me to talk, ideate or resolve any questions. Let's talk and collaborate together!","breadcrumb":{"@id":"https:\/\/daniel-rodriguez.website\/contactame\/#breadcrumb"},"inLanguage":"en-US","potentialAction":[{"@type":"ReadAction","target":["https:\/\/daniel-rodriguez.website\/contactame\/"]}]},{"@type":"BreadcrumbList","@id":"https:\/\/daniel-rodriguez.website\/contactame\/#breadcrumb","itemListElement":[{"@type":"ListItem","position":1,"name":"Home","item":"https:\/\/daniel-rodriguez.website\/"},{"@type":"ListItem","position":2,"name":"Cont\u00e1ctame"}]},{"@type":"WebSite","@id":"https:\/\/daniel-rodriguez.website\/#website","url":"https:\/\/daniel-rodriguez.website\/","name":"Oscar Daniel Rodr\u00edguez Jim\u00e9nez","description":"","potentialAction":[{"@type":"SearchAction","target":{"@type":"EntryPoint","urlTemplate":"https:\/\/daniel-rodriguez.website\/?s={search_term_string}"},"query-input":"required name=search_term_string"}],"inLanguage":"en-US"}]}},"_links":{"self":[{"href":"https:\/\/daniel-rodriguez.website\/en\/wp-json\/wp\/v2\/pages\/2090"}],"collection":[{"href":"https:\/\/daniel-rodriguez.website\/en\/wp-json\/wp\/v2\/pages"}],"about":[{"href":"https:\/\/daniel-rodriguez.website\/en\/wp-json\/wp\/v2\/types\/page"}],"author":[{"embeddable":true,"href":"https:\/\/daniel-rodriguez.website\/en\/wp-json\/wp\/v2\/users\/1"}],"replies":[{"embeddable":true,"href":"https:\/\/daniel-rodriguez.website\/en\/wp-json\/wp\/v2\/comments?post=2090"}],"version-history":[{"count":156,"href":"https:\/\/daniel-rodriguez.website\/en\/wp-json\/wp\/v2\/pages\/2090\/revisions"}],"predecessor-version":[{"id":9690,"href":"https:\/\/daniel-rodriguez.website\/en\/wp-json\/wp\/v2\/pages\/2090\/revisions\/9690"}],"wp:featuredmedia":[{"embeddable":true,"href":"https:\/\/daniel-rodriguez.website\/en\/wp-json\/wp\/v2\/media\/7071"}],"wp:attachment":[{"href":"https:\/\/daniel-rodriguez.website\/en\/wp-json\/wp\/v2\/media?parent=2090"}],"wp:term":[{"taxonomy":"category","embeddable":true,"href":"https:\/\/daniel-rodriguez.website\/en\/wp-json\/wp\/v2\/categories?post=2090"},{"taxonomy":"post_tag","embeddable":true,"href":"https:\/\/daniel-rodriguez.website\/en\/wp-json\/wp\/v2\/tags?post=2090"}],"curies":[{"name":"wp","href":"https:\/\/api.w.org\/{rel}","templated":true}]}}